{"id":343,"date":"2022-12-01T14:51:28","date_gmt":"2022-12-01T14:51:28","guid":{"rendered":"https:\/\/carlabalasc.com\/?page_id=343"},"modified":"2024-10-03T10:45:22","modified_gmt":"2024-10-03T10:45:22","slug":"condiciones-de-venta","status":"publish","type":"page","link":"https:\/\/carlabalasc.com\/index.php\/condiciones-de-venta\/","title":{"rendered":"Condiciones de venta"},"content":{"rendered":"\t\t<div data-elementor-type=\"wp-page\" data-elementor-id=\"343\" class=\"elementor elementor-343\" data-elementor-post-type=\"page\">\n\t\t\t\t\t\t<section class=\"elementor-section elementor-top-section elementor-element elementor-element-33ae09f elementor-section-boxed elementor-section-height-default elementor-section-height-default\" data-id=\"33ae09f\" data-element_type=\"section\" data-e-type=\"section\">\n\t\t\t\t\t\t<div class=\"elementor-container elementor-column-gap-default\">\n\t\t\t\t\t<div class=\"elementor-column elementor-col-100 elementor-top-column elementor-element elementor-element-b2ce8ba\" data-id=\"b2ce8ba\" data-element_type=\"column\" data-e-type=\"column\">\n\t\t\t<div class=\"elementor-widget-wrap elementor-element-populated\">\n\t\t\t\t\t\t<div class=\"elementor-element elementor-element-c8dcd67 elementor-widget elementor-widget-text-editor\" data-id=\"c8dcd67\" data-element_type=\"widget\" data-e-type=\"widget\" data-widget_type=\"text-editor.default\">\n\t\t\t\t<div class=\"elementor-widget-container\">\n\t\t\t\t\t\t\t\t\t<h2>FORMAS DE PAGO<\/h2>\t\t\t\t\t\t\t\t<\/div>\n\t\t\t\t<\/div>\n\t\t\t\t<div class=\"elementor-element elementor-element-cefe1a7 elementor-widget elementor-widget-text-editor\" data-id=\"cefe1a7\" data-element_type=\"widget\" data-e-type=\"widget\" data-widget_type=\"text-editor.default\">\n\t\t\t\t<div class=\"elementor-widget-container\">\n\t\t\t\t\t\t\t\t\t<p><strong>TRANSFERENCIA BANCARIA<\/strong><\/p><p>Cuenta bancaria:<br \/><strong>ES56 2100 0076 4902 0068 8405<\/strong><\/p><p>Una vez recibido el justificante de pago se realizar\u00e1 el env\u00edo de tu pedido<\/p><p><strong><br \/>Formas de env\u00edo del justificante:<\/strong><\/p><p><strong>Mediante correo eletr\u00f3nico<\/strong> enviado por el cliente o el banco emisor de la transferencia a la direcci\u00f3n: <a href=\"mailto:pedidos@alidog.com\">\u00a0<\/a><a href=\"mailto:carlabalasc@gmail.com\">carlabalasc@gmail.com<\/a><\/p><p><strong>Mediante SMS<\/strong> enviado por el banco emisor de la transferencia a los n\u00fameros de tel\u00e9fono: +34 610 46 53 48<br \/>Una vez entregado tu pedido te lo confirmaremos por SMS o E-mail.<br \/><br \/><\/p><p><strong>PAYPAL<\/strong><\/p><p><img decoding=\"async\" class=\"alignnone size-full wp-image-446\" src=\"https:\/\/carlabalasc.com\/wp-content\/uploads\/2022\/12\/pagoseguropaypal-300x87-1.png\" alt=\"\" width=\"300\" height=\"87\" \/><\/p><p>\u00a0<\/p><p><strong>BIZUM<\/strong><\/p><p><img decoding=\"async\" class=\"alignnone size-full wp-image-448\" src=\"https:\/\/carlabalasc.com\/wp-content\/uploads\/2022\/12\/bizum.png\" alt=\"\" width=\"148\" height=\"61\" \/><\/p><p>Tel.: +34 610 46 53 48<\/p>\t\t\t\t\t\t\t\t<\/div>\n\t\t\t\t<\/div>\n\t\t\t\t\t<\/div>\n\t\t<\/div>\n\t\t\t\t\t<\/div>\n\t\t<\/section>\n\t\t\t\t<section class=\"elementor-section elementor-top-section elementor-element elementor-element-1c6527b elementor-section-boxed elementor-section-height-default elementor-section-height-default\" data-id=\"1c6527b\" data-element_type=\"section\" data-e-type=\"section\">\n\t\t\t\t\t\t<div class=\"elementor-container elementor-column-gap-default\">\n\t\t\t\t\t<div class=\"elementor-column elementor-col-100 elementor-top-column elementor-element elementor-element-448e5ae\" data-id=\"448e5ae\" data-element_type=\"column\" data-e-type=\"column\">\n\t\t\t<div class=\"elementor-widget-wrap elementor-element-populated\">\n\t\t\t\t\t\t\t<\/div>\n\t\t<\/div>\n\t\t\t\t\t<\/div>\n\t\t<\/section>\n\t\t\t\t<section class=\"elementor-section elementor-top-section elementor-element elementor-element-f6ec5e6 elementor-section-boxed elementor-section-height-default elementor-section-height-default\" data-id=\"f6ec5e6\" data-element_type=\"section\" data-e-type=\"section\">\n\t\t\t\t\t\t<div class=\"elementor-container elementor-column-gap-default\">\n\t\t\t\t\t<div class=\"elementor-column elementor-col-100 elementor-top-column elementor-element elementor-element-d16e9df\" data-id=\"d16e9df\" data-element_type=\"column\" data-e-type=\"column\">\n\t\t\t<div class=\"elementor-widget-wrap elementor-element-populated\">\n\t\t\t\t\t\t<div class=\"elementor-element elementor-element-0b003a7 elementor-widget elementor-widget-text-editor\" data-id=\"0b003a7\" data-element_type=\"widget\" data-e-type=\"widget\" data-widget_type=\"text-editor.default\">\n\t\t\t\t<div class=\"elementor-widget-container\">\n\t\t\t\t\t\t\t\t\t<h2>ENV\u00cdOS Y ENTREGAS<\/h2>\t\t\t\t\t\t\t\t<\/div>\n\t\t\t\t<\/div>\n\t\t\t\t<div class=\"elementor-element elementor-element-23f97df elementor-widget elementor-widget-text-editor\" data-id=\"23f97df\" data-element_type=\"widget\" data-e-type=\"widget\" data-widget_type=\"text-editor.default\">\n\t\t\t\t<div class=\"elementor-widget-container\">\n\t\t\t\t\t\t\t\t\t<p>Es importante tener en cuenta que tardamos entre uno o dos d\u00edas en procesar los pedidos, y en \u00e9pocas con alta demanda (Navidad, Rebajas, Black Friday\u2026) los env\u00edos podr\u00edan verse afectados. En estos casos, recomendamos comprar con antelaci\u00f3n.<\/p><p>Al realizar tu compra, recibir\u00e1s un email de confirmaci\u00f3n junto con el n\u00famero de pedido para gestionar cualquier tipo de consulta. Una vez que el transportista tenga tu pedido, recibir\u00e1s el c\u00f3digo de seguimiento para controlar cu\u00e1ndo llega tu paquete.<\/p><p><strong>Tarifas y plazos de entrega.<\/strong><\/p><p>ESPA\u00d1A PEN\u00cdNSULA:\u00a0 Env\u00edo gratuito \/ 2-3 D\u00edas Laborales<br \/>ISLAS BALEARES:\u00a0 Env\u00edo gratuito \/ 4-7 D\u00edas Laborales<br \/>ISLAS CANARIAS \/ CEUTA Y MELILLA: Suplemento de 2,70 \u20ac \/ 4-7 D\u00edas Laborales<\/p>\t\t\t\t\t\t\t\t<\/div>\n\t\t\t\t<\/div>\n\t\t\t\t<div class=\"elementor-element elementor-element-c581c31 elementor-widget elementor-widget-text-editor\" data-id=\"c581c31\" data-element_type=\"widget\" data-e-type=\"widget\" data-widget_type=\"text-editor.default\">\n\t\t\t\t<div class=\"elementor-widget-container\">\n\t\t\t\t\t\t\t\t\t<h2>CAMBIOS Y DEVOLUCIONES<\/h2>\t\t\t\t\t\t\t\t<\/div>\n\t\t\t\t<\/div>\n\t\t\t\t<div class=\"elementor-element elementor-element-dbd8abc elementor-widget elementor-widget-text-editor\" data-id=\"dbd8abc\" data-element_type=\"widget\" data-e-type=\"widget\" data-widget_type=\"text-editor.default\">\n\t\t\t\t<div class=\"elementor-widget-container\">\n\t\t\t\t\t\t\t\t\t<p>Si por alg\u00fan motivo no est\u00e1s conforme con tu compra, se aceptan cambios en un plazo de 15 d\u00edas naturales desde la recepci\u00f3n del art\u00edculo, el cu\u00e1l tiene que estar en perfecto estado, incluir su envoltorio original y no estar usado.<\/p><p>El procedimiento para el cambio, ser\u00e1 el siguiente, sin el cual, no podr\u00e1 aceptarse el mismo:<\/p><p>Deber\u00e1 remitir un correo electr\u00f3nico a <a href=\"mailto:carlabalasc@gmail.com\">carlabalasc@gmail.com<\/a> y enviar su art\u00edculo a: Av Sant Esteve 9, 08402, Granollers.<\/p><p>Puedes efectuar el cambio devolviendo la prenda por servicio de mensajer\u00eda.<\/p><p><strong>IMPORTANTE:<\/strong> Adjuntar impreso el e-mail donde aparece la confirmaci\u00f3n de la compra y el n\u00famero de pedido.<\/p><p>Recuerde que rechazaremos cualquier paquete que no siga este procedimiento.<\/p><p>Una vez llegue el paquete y comprobemos que cumple con nuestras condiciones de venta, y que est\u00e9 en perfecto estado, procederemos al cambio de prenda\/tallaje o devoluci\u00f3n total<\/p><p>\u00a0No se proceder\u00e1 al cambio de aquellos productos que no est\u00e9n en las mismas condiciones en las que se envi\u00f3, da\u00f1ado o que hayan sido usados m\u00e1s all\u00e1 de la apertura del producto.<\/p><p>Los gastos asociados al env\u00edo del producto para su cambio, ser\u00e1n asumidos por el comprador siempre y cuando, no se trate de un defecto de f\u00e1brica. En ese caso deber\u00e1 ponerse en contacto con nosotros.<\/p><p>DIRECCI\u00d3N RETORNO PARA CAMBIOS:<br \/>Av. Sant Esteve, 9<br \/>08402, Granollers<\/p><p>.<\/p>\t\t\t\t\t\t\t\t<\/div>\n\t\t\t\t<\/div>\n\t\t\t\t\t<\/div>\n\t\t<\/div>\n\t\t\t\t\t<\/div>\n\t\t<\/section>\n\t\t\t\t<\/div>\n\t\t","protected":false},"excerpt":{"rendered":"<p>FORMAS DE PAGO TRANSFERENCIA BANCARIA Cuenta bancaria:ES56 2100 0076 4902 0068 8405 Una vez recibido el justificante de pago se realizar\u00e1 el env\u00edo de tu pedido Formas de env\u00edo del justificante: Mediante correo eletr\u00f3nico enviado por el cliente o el banco emisor de la transferencia a la direcci\u00f3n: \u00a0carlabalasc@gmail.com Mediante SMS enviado por el banco [&hellip;]<\/p>\n","protected":false},"author":1,"featured_media":0,"parent":0,"menu_order":0,"comment_status":"closed","ping_status":"closed","template":"","meta":{"ocean_post_layout":"","ocean_both_sidebars_style":"","ocean_both_sidebars_content_width":0,"ocean_both_sidebars_sidebars_width":0,"ocean_sidebar":"0","ocean_second_sidebar":"0","ocean_disable_margins":"enable","ocean_add_body_class":"","ocean_shortcode_before_top_bar":"","ocean_shortcode_after_top_bar":"","ocean_shortcode_before_header":"","ocean_shortcode_after_header":"","ocean_has_shortcode":"","ocean_shortcode_after_title":"","ocean_shortcode_before_footer_widgets":"","ocean_shortcode_after_footer_widgets":"","ocean_shortcode_before_footer_bottom":"","ocean_shortcode_after_footer_bottom":"","ocean_display_top_bar":"default","ocean_display_header":"default","ocean_header_style":"","ocean_center_header_left_menu":"0","ocean_custom_header_template":"0","ocean_custom_logo":0,"ocean_custom_retina_logo":0,"ocean_custom_logo_max_width":0,"ocean_custom_logo_tablet_max_width":0,"ocean_custom_logo_mobile_max_width":0,"ocean_custom_logo_max_height":0,"ocean_custom_logo_tablet_max_height":0,"ocean_custom_logo_mobile_max_height":0,"ocean_header_custom_menu":"0","ocean_menu_typo_font_family":"0","ocean_menu_typo_font_subset":"","ocean_menu_typo_font_size":0,"ocean_menu_typo_font_size_tablet":0,"ocean_menu_typo_font_size_mobile":0,"ocean_menu_typo_font_size_unit":"px","ocean_menu_typo_font_weight":"","ocean_menu_typo_font_weight_tablet":"","ocean_menu_typo_font_weight_mobile":"","ocean_menu_typo_transform":"","ocean_menu_typo_transform_tablet":"","ocean_menu_typo_transform_mobile":"","ocean_menu_typo_line_height":0,"ocean_menu_typo_line_height_tablet":0,"ocean_menu_typo_line_height_mobile":0,"ocean_menu_typo_line_height_unit":"","ocean_menu_typo_spacing":0,"ocean_menu_typo_spacing_tablet":0,"ocean_menu_typo_spacing_mobile":0,"ocean_menu_typo_spacing_unit":"","ocean_menu_link_color":"","ocean_menu_link_color_hover":"","ocean_menu_link_color_active":"","ocean_menu_link_background":"","ocean_menu_link_hover_background":"","ocean_menu_link_active_background":"","ocean_menu_social_links_bg":"","ocean_menu_social_hover_links_bg":"","ocean_menu_social_links_color":"","ocean_menu_social_hover_links_color":"","ocean_disable_title":"default","ocean_disable_heading":"default","ocean_post_title":"","ocean_post_subheading":"","ocean_post_title_style":"","ocean_post_title_background_color":"","ocean_post_title_background":0,"ocean_post_title_bg_image_position":"","ocean_post_title_bg_image_attachment":"","ocean_post_title_bg_image_repeat":"","ocean_post_title_bg_image_size":"","ocean_post_title_height":0,"ocean_post_title_bg_overlay":0.5,"ocean_post_title_bg_overlay_color":"","ocean_disable_breadcrumbs":"default","ocean_breadcrumbs_color":"","ocean_breadcrumbs_separator_color":"","ocean_breadcrumbs_links_color":"","ocean_breadcrumbs_links_hover_color":"","ocean_display_footer_widgets":"default","ocean_display_footer_bottom":"default","ocean_custom_footer_template":"0","footnotes":""},"class_list":["post-343","page","type-page","status-publish","hentry","entry","owp-thumbs-layout-vertical","owp-btn-normal","owp-tabs-layout-vertical","has-no-thumbnails","has-product-nav"],"_links":{"self":[{"href":"https:\/\/carlabalasc.com\/index.php\/wp-json\/wp\/v2\/pages\/343","targetHints":{"allow":["GET"]}}],"collection":[{"href":"https:\/\/carlabalasc.com\/index.php\/wp-json\/wp\/v2\/pages"}],"about":[{"href":"https:\/\/carlabalasc.com\/index.php\/wp-json\/wp\/v2\/types\/page"}],"author":[{"embeddable":true,"href":"https:\/\/carlabalasc.com\/index.php\/wp-json\/wp\/v2\/users\/1"}],"replies":[{"embeddable":true,"href":"https:\/\/carlabalasc.com\/index.php\/wp-json\/wp\/v2\/comments?post=343"}],"version-history":[{"count":37,"href":"https:\/\/carlabalasc.com\/index.php\/wp-json\/wp\/v2\/pages\/343\/revisions"}],"predecessor-version":[{"id":1377,"href":"https:\/\/carlabalasc.com\/index.php\/wp-json\/wp\/v2\/pages\/343\/revisions\/1377"}],"wp:attachment":[{"href":"https:\/\/carlabalasc.com\/index.php\/wp-json\/wp\/v2\/media?parent=343"}],"curies":[{"name":"wp","href":"https:\/\/api.w.org\/{rel}","templated":true}]}}