{"id":156,"date":"2022-11-29T19:09:02","date_gmt":"2022-11-29T19:09:02","guid":{"rendered":"https:\/\/carlabalasc.com\/?post_type=product&#038;p=156"},"modified":"2024-07-25T21:24:51","modified_gmt":"2024-07-25T21:24:51","slug":"camiseta-a-cuchillo","status":"publish","type":"product","link":"https:\/\/carlabalasc.com\/index.php\/producto\/camiseta-a-cuchillo\/","title":{"rendered":"Camiseta  \u00aba cuchillo\u00bb"},"content":{"rendered":"<p><strong>Tarifas y plazos de entrega.<\/strong><\/p>\n<p>ESPA\u00d1A PEN\u00cdNSULA:\u00a0 Env\u00edo gratuito \/ 4-7 D\u00edas Laborales<br \/>\nISLAS BALEARES:\u00a0 Env\u00edo gratuito \/ 9-10 D\u00edas Laborales<br \/>\nISLAS CANARIAS \/ CEUTA Y MELILLA: Suplemento de 2,70 \u20ac \/ 9-10 D\u00edas Laborales<\/p>\n","protected":false},"excerpt":{"rendered":"<h3><strong>(*) PRECIO CON IVA INCLUIDO<\/strong><\/h3>\n<p>&nbsp;<\/p>\n<blockquote>\n<h2>Arriesgas el presente por tu futuro o arriesgas tu futuro por el presente. \u00a1Saca tus armas y sigue hacia delante!<\/h2>\n<\/blockquote>\n<p>&nbsp;<\/p>\n<p><strong>COLOR Y COMPOSICI\u00d3N:<\/strong><br \/>\nCamiseta de color negro, oversize. 100% algod\u00f3n.<\/p>\n<p><strong>ESTAMPACI\u00d3N<\/strong><br \/>\nEl m\u00e9todo de estampaci\u00f3n utilizado, tanto por delante como por detr\u00e1s, es la serigraf\u00eda. La serigraf\u00eda textil es la t\u00e9cnica de impresi\u00f3n que m\u00e1s adherencia tiene al tejido, por lo tanto, es la que mejor resiste los lavados con el paso del tiempo<\/p>\n<p><strong>RECOMENDACIONES<\/strong><br \/>\nEs recomendable lavar la prenda en agua fr\u00eda y del rev\u00e9s.<br \/>\nNo se recomienda planchar encima de la impresi\u00f3n, en caso de hacerlo, poner un pa\u00f1o por encima de la estampaci\u00f3n para protegerla.<\/p>\n<p>&nbsp;<\/p>\n","protected":false},"featured_media":472,"template":"","meta":{"ocean_post_layout":"","ocean_both_sidebars_style":"","ocean_both_sidebars_content_width":0,"ocean_both_sidebars_sidebars_width":0,"ocean_sidebar":"0","ocean_second_sidebar":"0","ocean_disable_margins":"enable","ocean_add_body_class":"","ocean_shortcode_before_top_bar":"","ocean_shortcode_after_top_bar":"","ocean_shortcode_before_header":"","ocean_shortcode_after_header":"","ocean_has_shortcode":"","ocean_shortcode_after_title":"","ocean_shortcode_before_footer_widgets":"","ocean_shortcode_after_footer_widgets":"","ocean_shortcode_before_footer_bottom":"","ocean_shortcode_after_footer_bottom":"","ocean_display_top_bar":"default","ocean_display_header":"default","ocean_header_style":"","ocean_center_header_left_menu":"0","ocean_custom_header_template":"0","ocean_custom_logo":0,"ocean_custom_retina_logo":0,"ocean_custom_logo_max_width":0,"ocean_custom_logo_tablet_max_width":0,"ocean_custom_logo_mobile_max_width":0,"ocean_custom_logo_max_height":0,"ocean_custom_logo_tablet_max_height":0,"ocean_custom_logo_mobile_max_height":0,"ocean_header_custom_menu":"0","ocean_menu_typo_font_family":"0","ocean_menu_typo_font_subset":"","ocean_menu_typo_font_size":0,"ocean_menu_typo_font_size_tablet":0,"ocean_menu_typo_font_size_mobile":0,"ocean_menu_typo_font_size_unit":"px","ocean_menu_typo_font_weight":"","ocean_menu_typo_font_weight_tablet":"","ocean_menu_typo_font_weight_mobile":"","ocean_menu_typo_transform":"","ocean_menu_typo_transform_tablet":"","ocean_menu_typo_transform_mobile":"","ocean_menu_typo_line_height":0,"ocean_menu_typo_line_height_tablet":0,"ocean_menu_typo_line_height_mobile":0,"ocean_menu_typo_line_height_unit":"","ocean_menu_typo_spacing":0,"ocean_menu_typo_spacing_tablet":0,"ocean_menu_typo_spacing_mobile":0,"ocean_menu_typo_spacing_unit":"","ocean_menu_link_color":"","ocean_menu_link_color_hover":"","ocean_menu_link_color_active":"","ocean_menu_link_background":"","ocean_menu_link_hover_background":"","ocean_menu_link_active_background":"","ocean_menu_social_links_bg":"","ocean_menu_social_hover_links_bg":"","ocean_menu_social_links_color":"","ocean_menu_social_hover_links_color":"","ocean_disable_title":"default","ocean_disable_heading":"default","ocean_post_title":"","ocean_post_subheading":"","ocean_post_title_style":"","ocean_post_title_background_color":"","ocean_post_title_background":0,"ocean_post_title_bg_image_position":"","ocean_post_title_bg_image_attachment":"","ocean_post_title_bg_image_repeat":"","ocean_post_title_bg_image_size":"","ocean_post_title_height":0,"ocean_post_title_bg_overlay":0.5,"ocean_post_title_bg_overlay_color":"","ocean_disable_breadcrumbs":"default","ocean_breadcrumbs_color":"","ocean_breadcrumbs_separator_color":"","ocean_breadcrumbs_links_color":"","ocean_breadcrumbs_links_hover_color":"","ocean_display_footer_widgets":"default","ocean_display_footer_bottom":"default","ocean_custom_footer_template":"0"},"product_brand":[],"product_cat":[16],"product_tag":[],"class_list":{"0":"post-156","1":"product","2":"type-product","3":"status-publish","4":"has-post-thumbnail","6":"product_cat-ropa-y-complementos","8":"entry","9":"has-media","11":"first","12":"instock","13":"featured","14":"shipping-taxable","15":"purchasable","16":"product-type-variable","17":"has-product-nav","18":"col","19":"span_1_of_3","20":"owp-content-center","21":"owp-thumbs-layout-vertical","22":"owp-btn-normal","23":"owp-tabs-layout-vertical"},"_links":{"self":[{"href":"https:\/\/carlabalasc.com\/index.php\/wp-json\/wp\/v2\/product\/156","targetHints":{"allow":["GET"]}}],"collection":[{"href":"https:\/\/carlabalasc.com\/index.php\/wp-json\/wp\/v2\/product"}],"about":[{"href":"https:\/\/carlabalasc.com\/index.php\/wp-json\/wp\/v2\/types\/product"}],"wp:featuredmedia":[{"embeddable":true,"href":"https:\/\/carlabalasc.com\/index.php\/wp-json\/wp\/v2\/media\/472"}],"wp:attachment":[{"href":"https:\/\/carlabalasc.com\/index.php\/wp-json\/wp\/v2\/media?parent=156"}],"wp:term":[{"taxonomy":"product_brand","embeddable":true,"href":"https:\/\/carlabalasc.com\/index.php\/wp-json\/wp\/v2\/product_brand?post=156"},{"taxonomy":"product_cat","embeddable":true,"href":"https:\/\/carlabalasc.com\/index.php\/wp-json\/wp\/v2\/product_cat?post=156"},{"taxonomy":"product_tag","embeddable":true,"href":"https:\/\/carlabalasc.com\/index.php\/wp-json\/wp\/v2\/product_tag?post=156"}],"curies":[{"name":"wp","href":"https:\/\/api.w.org\/{rel}","templated":true}]}}